{"id":1055,"date":"2025-03-21T14:18:36","date_gmt":"2025-03-21T13:18:36","guid":{"rendered":"https:\/\/kine3terrassa.com\/fisioterapia\/fisioterapia-vestibular\/"},"modified":"2026-03-12T12:17:18","modified_gmt":"2026-03-12T11:17:18","slug":"fisioterapia-vestibular","status":"publish","type":"page","link":"https:\/\/kine3terrassa.com\/es\/fisioterapia\/fisioterapia-vestibular\/","title":{"rendered":"Fisioterapia Vestibular"},"content":{"rendered":"[vc_row type=\u00bbfull_width_content\u00bb full_screen_row_position=\u00bbmiddle\u00bb column_margin=\u00bbdefault\u00bb column_direction=\u00bbdefault\u00bb column_direction_tablet=\u00bbdefault\u00bb column_direction_phone=\u00bbdefault\u00bb bg_color=\u00bb#ffffff\u00bb scene_position=\u00bbcenter\u00bb text_color=\u00bbdark\u00bb text_align=\u00bbleft\u00bb row_border_radius=\u00bbnone\u00bb row_border_radius_applies=\u00bbbg\u00bb overflow=\u00bbvisible\u00bb overlay_strength=\u00bb0.3&#8243; gradient_direction=\u00bbleft_to_right\u00bb shape_divider_position=\u00bbbottom\u00bb bg_image_animation=\u00bbnone\u00bb gradient_type=\u00bbdefault\u00bb shape_type=\u00bb\u00bb][vc_column column_padding=\u00bbno-extra-padding\u00bb column_padding_tablet=\u00bbinherit\u00bb column_padding_phone=\u00bbinherit\u00bb column_padding_position=\u00bball\u00bb column_element_direction_desktop=\u00bbdefault\u00bb column_element_spacing=\u00bbdefault\u00bb desktop_text_alignment=\u00bbdefault\u00bb tablet_text_alignment=\u00bbdefault\u00bb phone_text_alignment=\u00bbdefault\u00bb background_color_opacity=\u00bb1&#8243; background_hover_color_opacity=\u00bb1&#8243; background_image=\u00bb601&#8243; background_image_position=\u00bbcenter center\u00bb background_image_stacking=\u00bbdefault\u00bb background_image_loading=\u00bbdefault\u00bb column_backdrop_filter=\u00bbnone\u00bb column_shadow=\u00bbnone\u00bb column_border_radius=\u00bbnone\u00bb column_link_target=\u00bb_self\u00bb column_position=\u00bbdefault\u00bb gradient_direction=\u00bbleft_to_right\u00bb overlay_strength=\u00bb0.3&#8243; width=\u00bb1\/2&#8243; tablet_width_inherit=\u00bbdefault\u00bb animation_type=\u00bbdefault\u00bb bg_image_animation=\u00bbnone\u00bb border_type=\u00bbsimple\u00bb column_border_width=\u00bbnone\u00bb column_border_style=\u00bbsolid\u00bb column_padding_type=\u00bbdefault\u00bb gradient_type=\u00bbdefault\u00bb][divider line_type=\u00bbNo Line\u00bb custom_height=\u00bb250&#8243;][\/vc_column][vc_column column_padding=\u00bbpadding-7-percent\u00bb column_padding_tablet=\u00bbinherit\u00bb column_padding_phone=\u00bbinherit\u00bb column_padding_position=\u00bball\u00bb column_element_direction_desktop=\u00bbdefault\u00bb column_element_spacing=\u00bbdefault\u00bb desktop_text_alignment=\u00bbdefault\u00bb tablet_text_alignment=\u00bbdefault\u00bb phone_text_alignment=\u00bbdefault\u00bb background_color=\u00bb#ffffff\u00bb background_color_opacity=\u00bb0.6&#8243; background_hover_color_opacity=\u00bb1&#8243; column_backdrop_filter=\u00bbnone\u00bb font_color=\u00bb#0a0a0a\u00bb column_shadow=\u00bbnone\u00bb column_border_radius=\u00bbnone\u00bb column_link_target=\u00bb_self\u00bb column_position=\u00bbdefault\u00bb gradient_direction=\u00bbleft_to_right\u00bb overlay_strength=\u00bb0.3&#8243; width=\u00bb1\/2&#8243; tablet_width_inherit=\u00bbdefault\u00bb animation_type=\u00bbdefault\u00bb bg_image_animation=\u00bbnone\u00bb border_type=\u00bbsimple\u00bb column_border_width=\u00bbnone\u00bb column_border_style=\u00bbsolid\u00bb column_padding_type=\u00bbdefault\u00bb gradient_type=\u00bbdefault\u00bb][vc_column_text css=\u00bb\u00bb text_direction=\u00bbdefault\u00bb el_class=\u00bbheadingText\u00bb]FISIOTERAPIA VESTIBULAR<\/p>\n<div id=\"gtx-trans\" style=\"position: absolute; left: 94px; top: 64.4375px;\">\n<div class=\"gtx-trans-icon\"><\/div>\n<\/div>\n[\/vc_column_text][vc_column_text css=\u00bb\u00bb text_direction=\u00bbdefault\u00bb]\n<h2>Rehabilitaci\u00f3n vestibular a Terrassa<\/h2>\n<div id=\"gtx-trans\" style=\"position: absolute; left: 52px; top: -6.28125px;\">\n<div class=\"gtx-trans-icon\"><\/div>\n<\/div>\n[\/vc_column_text][vc_column_text css=\u00bb\u00bb text_direction=\u00bbdefault\u00bb el_class=\u00bbdescriptionMargin\u00bb]Kine3 dispone, a sus instalaciones, de los servicios de <a href=\"https:\/\/clinicavertigen.com\/es\/inicio\/\">Cl\u00ednica del V\u00e9rtigo<\/a>, la cual se uni\u00f3 a <a href=\"https:\/\/kine3terrassa.com\/es\/\">Kine3 <\/a>en junio del 2023, como centro adscrito(unidad especializada) . Es pionera, en Terrassa, al ofrecer un servicio especializado de rehabilitaci\u00f3n vestibular en la poblaci\u00f3n que sufre v\u00e9rtigo, mareo e inestabilidad. <\/p>\n<div id=\"gtx-trans\" style=\"position: absolute; left: -64px; top: -10px;\">\n<div class=\"gtx-trans-icon\"><\/div>\n<\/div>\n[\/vc_column_text][nectar_btn size=\u00bblarge\u00bb button_style=\u00bbregular\u00bb button_color_2=\u00bbExtra-Color-1&#8243; color_override=\u00bb#1CB0CA\u00bb solid_text_color_override=\u00bb#ffffff\u00bb icon_family=\u00bbnone\u00bb text=\u00bbM\u00e1s informaci\u00f3n en Cl\u00ednica del V\u00e9rtigo\u00bb url=\u00bbhttps:\/\/clinicavertigen.com\/es\/inicio\/\u00bb][\/vc_column][\/vc_row][vc_row type=\u00bbfull_width_background\u00bb full_screen_row_position=\u00bbmiddle\u00bb column_margin=\u00bbdefault\u00bb column_direction=\u00bbdefault\u00bb column_direction_tablet=\u00bbdefault\u00bb column_direction_phone=\u00bbdefault\u00bb bg_color=\u00bb#ffffff\u00bb scene_position=\u00bbcenter\u00bb top_padding=\u00bb50px\u00bb bottom_padding=\u00bb50px\u00bb text_color=\u00bbdark\u00bb text_align=\u00bbleft\u00bb row_border_radius=\u00bbnone\u00bb row_border_radius_applies=\u00bbbg\u00bb overflow=\u00bbvisible\u00bb overlay_strength=\u00bb0.3&#8243; gradient_direction=\u00bbleft_to_right\u00bb shape_divider_position=\u00bbbottom\u00bb bg_image_animation=\u00bbnone\u00bb gradient_type=\u00bbdefault\u00bb shape_type=\u00bb\u00bb][vc_column column_padding=\u00bbno-extra-padding\u00bb column_padding_tablet=\u00bbinherit\u00bb column_padding_phone=\u00bbinherit\u00bb column_padding_position=\u00bball\u00bb column_element_direction_desktop=\u00bbdefault\u00bb column_element_spacing=\u00bbdefault\u00bb desktop_text_alignment=\u00bbdefault\u00bb tablet_text_alignment=\u00bbdefault\u00bb phone_text_alignment=\u00bbdefault\u00bb background_color_opacity=\u00bb1&#8243; background_hover_color_opacity=\u00bb1&#8243; column_backdrop_filter=\u00bbnone\u00bb column_shadow=\u00bbnone\u00bb column_border_radius=\u00bbnone\u00bb column_link_target=\u00bb_self\u00bb column_position=\u00bbdefault\u00bb gradient_direction=\u00bbleft_to_right\u00bb overlay_strength=\u00bb0.3&#8243; width=\u00bb1\/1&#8243; tablet_width_inherit=\u00bbdefault\u00bb animation_type=\u00bbdefault\u00bb bg_image_animation=\u00bbnone\u00bb border_type=\u00bbsimple\u00bb column_border_width=\u00bbnone\u00bb column_border_style=\u00bbsolid\u00bb][vc_row_inner column_margin=\u00bbdefault\u00bb column_direction=\u00bbdefault\u00bb column_direction_tablet=\u00bbdefault\u00bb column_direction_phone=\u00bbdefault\u00bb text_align=\u00bbleft\u00bb row_position=\u00bbdefault\u00bb row_position_tablet=\u00bbinherit\u00bb row_position_phone=\u00bbinherit\u00bb overflow=\u00bbvisible\u00bb pointer_events=\u00bball\u00bb][vc_column_inner left_padding_desktop=\u00bb25%\u00bb constrain_group_101=\u00bbyes\u00bb right_padding_desktop=\u00bb25%\u00bb left_padding_phone=\u00bb10px\u00bb constrain_group_105=\u00bbyes\u00bb right_padding_phone=\u00bb10px\u00bb column_element_direction_desktop=\u00bbdefault\u00bb column_element_spacing=\u00bbdefault\u00bb desktop_text_alignment=\u00bbdefault\u00bb tablet_text_alignment=\u00bbdefault\u00bb phone_text_alignment=\u00bbdefault\u00bb background_color_opacity=\u00bb1&#8243; background_hover_color_opacity=\u00bb1&#8243; column_backdrop_filter=\u00bbnone\u00bb column_shadow=\u00bbnone\u00bb column_border_radius=\u00bbnone\u00bb column_link_target=\u00bb_self\u00bb overflow=\u00bbvisible\u00bb gradient_direction=\u00bbleft_to_right\u00bb overlay_strength=\u00bb0.3&#8243; width=\u00bb1\/1&#8243; tablet_width_inherit=\u00bbdefault\u00bb animation_type=\u00bbdefault\u00bb bg_image_animation=\u00bbnone\u00bb border_type=\u00bbsimple\u00bb column_border_width=\u00bbnone\u00bb column_border_style=\u00bbsolid\u00bb column_padding_type=\u00bbadvanced\u00bb gradient_type=\u00bbdefault\u00bb][vc_column_text css=\u00bb\u00bb text_direction=\u00bbdefault\u00bb]Preus de les nostres sessions de rehabilitaci\u00f3 vestibular[\/vc_column_text][\/vc_column_inner][\/vc_row_inner][vc_row_inner equal_height=\u00bbyes\u00bb column_margin=\u00bbdefault\u00bb column_direction=\u00bbdefault\u00bb column_direction_tablet=\u00bbdefault\u00bb column_direction_phone=\u00bbdefault\u00bb left_padding_desktop=\u00bb33%\u00bb constrain_group_2=\u00bbyes\u00bb right_padding_desktop=\u00bb33%\u00bb left_padding_phone=\u00bb0&#8243; constrain_group_6=\u00bbyes\u00bb right_padding_phone=\u00bb0&#8243; text_align=\u00bbleft\u00bb row_position=\u00bbdefault\u00bb row_position_tablet=\u00bbinherit\u00bb row_position_phone=\u00bbinherit\u00bb overflow=\u00bbvisible\u00bb pointer_events=\u00bball\u00bb][vc_column_inner column_padding=\u00bbpadding-6-percent\u00bb column_padding_tablet=\u00bbinherit\u00bb column_padding_phone=\u00bbinherit\u00bb column_padding_position=\u00bball\u00bb column_element_direction_desktop=\u00bbdefault\u00bb column_element_spacing=\u00bbdefault\u00bb desktop_text_alignment=\u00bbdefault\u00bb tablet_text_alignment=\u00bbdefault\u00bb phone_text_alignment=\u00bbdefault\u00bb background_color=\u00bb#1CB0CA\u00bb background_color_opacity=\u00bb1&#8243; background_hover_color_opacity=\u00bb1&#8243; column_backdrop_filter=\u00bbnone\u00bb font_color=\u00bb#ffffff\u00bb column_shadow=\u00bbnone\u00bb column_border_radius=\u00bbnone\u00bb column_link_target=\u00bb_self\u00bb overflow=\u00bbvisible\u00bb gradient_direction=\u00bbleft_to_right\u00bb overlay_strength=\u00bb0.3&#8243; width=\u00bb1\/1&#8243; tablet_width_inherit=\u00bbdefault\u00bb animation_type=\u00bbdefault\u00bb bg_image_animation=\u00bbnone\u00bb border_type=\u00bbsimple\u00bb column_border_width=\u00bbnone\u00bb column_border_style=\u00bbsolid\u00bb column_padding_type=\u00bbdefault\u00bb gradient_type=\u00bbdefault\u00bb][vc_column_text css=\u00bb\u00bb text_direction=\u00bbdefault\u00bb]<strong>Primera sesi\u00f3n \u2014 130\u20ac<\/strong><br \/>\n<strong>Sesiones continuadas \u2014 65\u20ac<\/strong><\/p>\n[\/vc_column_text][\/vc_column_inner][\/vc_row_inner][vc_row_inner content_placement=\u00bbmiddle\u00bb column_margin=\u00bbdefault\u00bb column_direction=\u00bbdefault\u00bb column_direction_tablet=\u00bbdefault\u00bb column_direction_phone=\u00bbdefault\u00bb text_align=\u00bbcenter\u00bb row_position=\u00bbdefault\u00bb row_position_tablet=\u00bbinherit\u00bb row_position_phone=\u00bbinherit\u00bb overflow=\u00bbvisible\u00bb pointer_events=\u00bball\u00bb css=\u00bb.vc_custom_1744113127525{background-color: #f5f5f5 !important;}\u00bb][vc_column_inner top_padding_desktop=\u00bb50px\u00bb bottom_padding_desktop=\u00bb50px\u00bb column_element_direction_desktop=\u00bbdefault\u00bb column_element_spacing=\u00bbdefault\u00bb desktop_text_alignment=\u00bbdefault\u00bb tablet_text_alignment=\u00bbdefault\u00bb phone_text_alignment=\u00bbdefault\u00bb background_color_opacity=\u00bb1&#8243; background_hover_color_opacity=\u00bb1&#8243; column_backdrop_filter=\u00bbnone\u00bb column_shadow=\u00bbnone\u00bb column_border_radius=\u00bbnone\u00bb column_link_target=\u00bb_self\u00bb overflow=\u00bbvisible\u00bb gradient_direction=\u00bbleft_to_right\u00bb overlay_strength=\u00bb0.3&#8243; width=\u00bb1\/1&#8243; tablet_width_inherit=\u00bbdefault\u00bb animation_type=\u00bbdefault\u00bb bg_image_animation=\u00bbnone\u00bb border_type=\u00bbsimple\u00bb column_border_width=\u00bbnone\u00bb column_border_style=\u00bbsolid\u00bb column_padding_type=\u00bbadvanced\u00bb gradient_type=\u00bbdefault\u00bb][vc_column_text css=\u00bb\u00bb text_direction=\u00bbdefault\u00bb]\n<h2 data-start=\"153\" data-end=\"217\"><strong data-start=\"153\" data-end=\"217\">Quieres empezar con la fisioterapia vestibular o saber m\u00e1s?<\/strong><\/h2>\n<div id=\"gtx-trans\" style=\"position: absolute; left: 38px; top: 38px;\">\n<div class=\"gtx-trans-icon\"><\/div>\n<\/div>\n[\/vc_column_text][nectar_btn size=\u00bblarge\u00bb button_style=\u00bbregular\u00bb button_color_2=\u00bbExtra-Color-2&#8243; color_override=\u00bb#f26b24&#8243; solid_text_color_override=\u00bb#ffffff\u00bb icon_family=\u00bbnone\u00bb text=\u00bbPedir informaci\u00f3n\u00bb url=\u00bb#contacte\u00bb margin_top=\u00bb15&#8243;][\/vc_column_inner][\/vc_row_inner][\/vc_column][\/vc_row]\n","protected":false},"excerpt":{"rendered":"<p>[vc_row type=\u00bbfull_width_content\u00bb full_screen_row_position=\u00bbmiddle\u00bb column_margin=\u00bbdefault\u00bb column_direction=\u00bbdefault\u00bb column_direction_tablet=\u00bbdefault\u00bb column_direction_phone=\u00bbdefault\u00bb bg_color=\u00bb#ffffff\u00bb scene_position=\u00bbcenter\u00bb text_color=\u00bbdark\u00bb text_align=\u00bbleft\u00bb row_border_radius=\u00bbnone\u00bb row_border_radius_applies=\u00bbbg\u00bb overflow=\u00bbvisible\u00bb overlay_strength=\u00bb0.3&#8243; gradient_direction=\u00bbleft_to_right\u00bb shape_divider_position=\u00bbbottom\u00bb bg_image_animation=\u00bbnone\u00bb gradient_type=\u00bbdefault\u00bb shape_type=\u00bb\u00bb][vc_column column_padding=\u00bbno-extra-padding\u00bb column_padding_tablet=\u00bbinherit\u00bb column_padding_phone=\u00bbinherit\u00bb column_padding_position=\u00bball\u00bb column_element_direction_desktop=\u00bbdefault\u00bb column_element_spacing=\u00bbdefault\u00bb desktop_text_alignment=\u00bbdefault\u00bb tablet_text_alignment=\u00bbdefault\u00bb phone_text_alignment=\u00bbdefault\u00bb background_color_opacity=\u00bb1&#8243;&#8230;<\/p>\n","protected":false},"author":2,"featured_media":983,"parent":1038,"menu_order":0,"comment_status":"closed","ping_status":"closed","template":"","meta":{"_acf_changed":false,"_joinchat":[],"footnotes":""},"class_list":["post-1055","page","type-page","status-publish","has-post-thumbnail"],"acf":[],"yoast_head":"<!-- This site is optimized with the Yoast SEO plugin v27.0 - https:\/\/yoast.com\/product\/yoast-seo-wordpress\/ -->\n<title>Kine3 | Fisioterapia vestibular en Terrassa<\/title>\n<meta name=\"description\" content=\"Fisioterapia vestibular en Terrassa para v\u00e9rtigo, mareo e inestabilidad. Valoraci\u00f3n y ejercicios de reeducaci\u00f3n para recuperar el equilibrio.\" \/>\n<meta name=\"robots\" content=\"index, follow, max-snippet:-1, max-image-preview:large, max-video-preview:-1\" \/>\n<link rel=\"canonical\" href=\"https:\/\/kine3terrassa.com\/es\/fisioterapia\/fisioterapia-vestibular\/\" \/>\n<meta property=\"og:locale\" content=\"es_ES\" \/>\n<meta property=\"og:type\" content=\"article\" \/>\n<meta property=\"og:title\" content=\"Kine3 | Fisioterapia vestibular en Terrassa\" \/>\n<meta property=\"og:description\" content=\"Fisioterapia vestibular en Terrassa para v\u00e9rtigo, mareo e inestabilidad. Valoraci\u00f3n y ejercicios de reeducaci\u00f3n para recuperar el equilibrio.\" \/>\n<meta property=\"og:url\" content=\"https:\/\/kine3terrassa.com\/es\/fisioterapia\/fisioterapia-vestibular\/\" \/>\n<meta property=\"og:site_name\" content=\"Kine3\" \/>\n<meta property=\"article:publisher\" content=\"https:\/\/www.facebook.com\/people\/KINE3\/61560753885986\/#\" \/>\n<meta property=\"article:modified_time\" content=\"2026-03-12T11:17:18+00:00\" \/>\n<meta property=\"og:image\" content=\"https:\/\/kine3terrassa.com\/wp-content\/uploads\/2025\/07\/Extra-1_resultado.webp\" \/>\n\t<meta property=\"og:image:width\" content=\"1000\" \/>\n\t<meta property=\"og:image:height\" content=\"722\" \/>\n\t<meta property=\"og:image:type\" content=\"image\/webp\" \/>\n<meta name=\"twitter:card\" content=\"summary_large_image\" \/>\n<meta name=\"twitter:label1\" content=\"Tiempo de lectura\" \/>\n\t<meta name=\"twitter:data1\" content=\"6 minutos\" \/>\n<script type=\"application\/ld+json\" class=\"yoast-schema-graph\">{\"@context\":\"https:\/\/schema.org\",\"@graph\":[{\"@type\":\"WebPage\",\"@id\":\"https:\/\/kine3terrassa.com\/es\/fisioterapia\/fisioterapia-vestibular\/\",\"url\":\"https:\/\/kine3terrassa.com\/es\/fisioterapia\/fisioterapia-vestibular\/\",\"name\":\"Kine3 | Fisioterapia vestibular en Terrassa\",\"isPartOf\":{\"@id\":\"https:\/\/kine3terrassa.com\/#website\"},\"primaryImageOfPage\":{\"@id\":\"https:\/\/kine3terrassa.com\/es\/fisioterapia\/fisioterapia-vestibular\/#primaryimage\"},\"image\":{\"@id\":\"https:\/\/kine3terrassa.com\/es\/fisioterapia\/fisioterapia-vestibular\/#primaryimage\"},\"thumbnailUrl\":\"https:\/\/kine3terrassa.com\/wp-content\/uploads\/2025\/07\/Extra-1_resultado.webp\",\"datePublished\":\"2025-03-21T13:18:36+00:00\",\"dateModified\":\"2026-03-12T11:17:18+00:00\",\"description\":\"Fisioterapia vestibular en Terrassa para v\u00e9rtigo, mareo e inestabilidad. Valoraci\u00f3n y ejercicios de reeducaci\u00f3n para recuperar el equilibrio.\",\"breadcrumb\":{\"@id\":\"https:\/\/kine3terrassa.com\/es\/fisioterapia\/fisioterapia-vestibular\/#breadcrumb\"},\"inLanguage\":\"es\",\"potentialAction\":[{\"@type\":\"ReadAction\",\"target\":[\"https:\/\/kine3terrassa.com\/es\/fisioterapia\/fisioterapia-vestibular\/\"]}]},{\"@type\":\"ImageObject\",\"inLanguage\":\"es\",\"@id\":\"https:\/\/kine3terrassa.com\/es\/fisioterapia\/fisioterapia-vestibular\/#primaryimage\",\"url\":\"https:\/\/kine3terrassa.com\/wp-content\/uploads\/2025\/07\/Extra-1_resultado.webp\",\"contentUrl\":\"https:\/\/kine3terrassa.com\/wp-content\/uploads\/2025\/07\/Extra-1_resultado.webp\",\"width\":1000,\"height\":722,\"caption\":\"Cervical - Kine3 Fisioterapia i osteopatia Terrassa\"},{\"@type\":\"BreadcrumbList\",\"@id\":\"https:\/\/kine3terrassa.com\/es\/fisioterapia\/fisioterapia-vestibular\/#breadcrumb\",\"itemListElement\":[{\"@type\":\"ListItem\",\"position\":1,\"name\":\"Inici\",\"item\":\"https:\/\/kine3terrassa.com\/es\/home\/\"},{\"@type\":\"ListItem\",\"position\":2,\"name\":\"Fisioterapia\",\"item\":\"https:\/\/kine3terrassa.com\/es\/fisioterapia\/\"},{\"@type\":\"ListItem\",\"position\":3,\"name\":\"Fisioterapia Vestibular\"}]},{\"@type\":\"WebSite\",\"@id\":\"https:\/\/kine3terrassa.com\/#website\",\"url\":\"https:\/\/kine3terrassa.com\/\",\"name\":\"Kine3Terrassa\",\"description\":\"\",\"publisher\":{\"@id\":\"https:\/\/kine3terrassa.com\/#organization\"},\"alternateName\":\"Kine3\",\"potentialAction\":[{\"@type\":\"SearchAction\",\"target\":{\"@type\":\"EntryPoint\",\"urlTemplate\":\"https:\/\/kine3terrassa.com\/?s={search_term_string}\"},\"query-input\":{\"@type\":\"PropertyValueSpecification\",\"valueRequired\":true,\"valueName\":\"search_term_string\"}}],\"inLanguage\":\"es\"},{\"@type\":\"Organization\",\"@id\":\"https:\/\/kine3terrassa.com\/#organization\",\"name\":\"Kine3\",\"url\":\"https:\/\/kine3terrassa.com\/\",\"logo\":{\"@type\":\"ImageObject\",\"inLanguage\":\"es\",\"@id\":\"https:\/\/kine3terrassa.com\/#\/schema\/logo\/image\/\",\"url\":\"https:\/\/kine3terrassa.com\/wp-content\/uploads\/2025\/04\/image-removebg-preview-2.png\",\"contentUrl\":\"https:\/\/kine3terrassa.com\/wp-content\/uploads\/2025\/04\/image-removebg-preview-2.png\",\"width\":137,\"height\":56,\"caption\":\"Kine3\"},\"image\":{\"@id\":\"https:\/\/kine3terrassa.com\/#\/schema\/logo\/image\/\"},\"sameAs\":[\"https:\/\/www.facebook.com\/people\/KINE3\/61560753885986\/#\",\"https:\/\/www.instagram.com\/kine3_terrassa\",\"https:\/\/www.linkedin.com\/company\/kine3\/\"]}]}<\/script>\n<!-- \/ Yoast SEO plugin. -->","yoast_head_json":{"title":"Kine3 | Fisioterapia vestibular en Terrassa","description":"Fisioterapia vestibular en Terrassa para v\u00e9rtigo, mareo e inestabilidad. Valoraci\u00f3n y ejercicios de reeducaci\u00f3n para recuperar el equilibrio.","robots":{"index":"index","follow":"follow","max-snippet":"max-snippet:-1","max-image-preview":"max-image-preview:large","max-video-preview":"max-video-preview:-1"},"canonical":"https:\/\/kine3terrassa.com\/es\/fisioterapia\/fisioterapia-vestibular\/","og_locale":"es_ES","og_type":"article","og_title":"Kine3 | Fisioterapia vestibular en Terrassa","og_description":"Fisioterapia vestibular en Terrassa para v\u00e9rtigo, mareo e inestabilidad. Valoraci\u00f3n y ejercicios de reeducaci\u00f3n para recuperar el equilibrio.","og_url":"https:\/\/kine3terrassa.com\/es\/fisioterapia\/fisioterapia-vestibular\/","og_site_name":"Kine3","article_publisher":"https:\/\/www.facebook.com\/people\/KINE3\/61560753885986\/#","article_modified_time":"2026-03-12T11:17:18+00:00","og_image":[{"width":1000,"height":722,"url":"https:\/\/kine3terrassa.com\/wp-content\/uploads\/2025\/07\/Extra-1_resultado.webp","type":"image\/webp"}],"twitter_card":"summary_large_image","twitter_misc":{"Tiempo de lectura":"6 minutos"},"schema":{"@context":"https:\/\/schema.org","@graph":[{"@type":"WebPage","@id":"https:\/\/kine3terrassa.com\/es\/fisioterapia\/fisioterapia-vestibular\/","url":"https:\/\/kine3terrassa.com\/es\/fisioterapia\/fisioterapia-vestibular\/","name":"Kine3 | Fisioterapia vestibular en Terrassa","isPartOf":{"@id":"https:\/\/kine3terrassa.com\/#website"},"primaryImageOfPage":{"@id":"https:\/\/kine3terrassa.com\/es\/fisioterapia\/fisioterapia-vestibular\/#primaryimage"},"image":{"@id":"https:\/\/kine3terrassa.com\/es\/fisioterapia\/fisioterapia-vestibular\/#primaryimage"},"thumbnailUrl":"https:\/\/kine3terrassa.com\/wp-content\/uploads\/2025\/07\/Extra-1_resultado.webp","datePublished":"2025-03-21T13:18:36+00:00","dateModified":"2026-03-12T11:17:18+00:00","description":"Fisioterapia vestibular en Terrassa para v\u00e9rtigo, mareo e inestabilidad. Valoraci\u00f3n y ejercicios de reeducaci\u00f3n para recuperar el equilibrio.","breadcrumb":{"@id":"https:\/\/kine3terrassa.com\/es\/fisioterapia\/fisioterapia-vestibular\/#breadcrumb"},"inLanguage":"es","potentialAction":[{"@type":"ReadAction","target":["https:\/\/kine3terrassa.com\/es\/fisioterapia\/fisioterapia-vestibular\/"]}]},{"@type":"ImageObject","inLanguage":"es","@id":"https:\/\/kine3terrassa.com\/es\/fisioterapia\/fisioterapia-vestibular\/#primaryimage","url":"https:\/\/kine3terrassa.com\/wp-content\/uploads\/2025\/07\/Extra-1_resultado.webp","contentUrl":"https:\/\/kine3terrassa.com\/wp-content\/uploads\/2025\/07\/Extra-1_resultado.webp","width":1000,"height":722,"caption":"Cervical - Kine3 Fisioterapia i osteopatia Terrassa"},{"@type":"BreadcrumbList","@id":"https:\/\/kine3terrassa.com\/es\/fisioterapia\/fisioterapia-vestibular\/#breadcrumb","itemListElement":[{"@type":"ListItem","position":1,"name":"Inici","item":"https:\/\/kine3terrassa.com\/es\/home\/"},{"@type":"ListItem","position":2,"name":"Fisioterapia","item":"https:\/\/kine3terrassa.com\/es\/fisioterapia\/"},{"@type":"ListItem","position":3,"name":"Fisioterapia Vestibular"}]},{"@type":"WebSite","@id":"https:\/\/kine3terrassa.com\/#website","url":"https:\/\/kine3terrassa.com\/","name":"Kine3Terrassa","description":"","publisher":{"@id":"https:\/\/kine3terrassa.com\/#organization"},"alternateName":"Kine3","potentialAction":[{"@type":"SearchAction","target":{"@type":"EntryPoint","urlTemplate":"https:\/\/kine3terrassa.com\/?s={search_term_string}"},"query-input":{"@type":"PropertyValueSpecification","valueRequired":true,"valueName":"search_term_string"}}],"inLanguage":"es"},{"@type":"Organization","@id":"https:\/\/kine3terrassa.com\/#organization","name":"Kine3","url":"https:\/\/kine3terrassa.com\/","logo":{"@type":"ImageObject","inLanguage":"es","@id":"https:\/\/kine3terrassa.com\/#\/schema\/logo\/image\/","url":"https:\/\/kine3terrassa.com\/wp-content\/uploads\/2025\/04\/image-removebg-preview-2.png","contentUrl":"https:\/\/kine3terrassa.com\/wp-content\/uploads\/2025\/04\/image-removebg-preview-2.png","width":137,"height":56,"caption":"Kine3"},"image":{"@id":"https:\/\/kine3terrassa.com\/#\/schema\/logo\/image\/"},"sameAs":["https:\/\/www.facebook.com\/people\/KINE3\/61560753885986\/#","https:\/\/www.instagram.com\/kine3_terrassa","https:\/\/www.linkedin.com\/company\/kine3\/"]}]}},"_links":{"self":[{"href":"https:\/\/kine3terrassa.com\/es\/wp-json\/wp\/v2\/pages\/1055","targetHints":{"allow":["GET"]}}],"collection":[{"href":"https:\/\/kine3terrassa.com\/es\/wp-json\/wp\/v2\/pages"}],"about":[{"href":"https:\/\/kine3terrassa.com\/es\/wp-json\/wp\/v2\/types\/page"}],"author":[{"embeddable":true,"href":"https:\/\/kine3terrassa.com\/es\/wp-json\/wp\/v2\/users\/2"}],"replies":[{"embeddable":true,"href":"https:\/\/kine3terrassa.com\/es\/wp-json\/wp\/v2\/comments?post=1055"}],"version-history":[{"count":4,"href":"https:\/\/kine3terrassa.com\/es\/wp-json\/wp\/v2\/pages\/1055\/revisions"}],"predecessor-version":[{"id":1317,"href":"https:\/\/kine3terrassa.com\/es\/wp-json\/wp\/v2\/pages\/1055\/revisions\/1317"}],"up":[{"embeddable":true,"href":"https:\/\/kine3terrassa.com\/es\/wp-json\/wp\/v2\/pages\/1038"}],"wp:featuredmedia":[{"embeddable":true,"href":"https:\/\/kine3terrassa.com\/es\/wp-json\/wp\/v2\/media\/983"}],"wp:attachment":[{"href":"https:\/\/kine3terrassa.com\/es\/wp-json\/wp\/v2\/media?parent=1055"}],"curies":[{"name":"wp","href":"https:\/\/api.w.org\/{rel}","templated":true}]}}