{"id":1076,"date":"2025-07-15T13:37:48","date_gmt":"2025-07-15T11:37:48","guid":{"rendered":"https:\/\/kine3terrassa.com\/dinamometria\/"},"modified":"2026-03-12T11:54:55","modified_gmt":"2026-03-12T10:54:55","slug":"dinamometria","status":"publish","type":"page","link":"https:\/\/kine3terrassa.com\/es\/dinamometria\/","title":{"rendered":"Dinamometr\u00eda"},"content":{"rendered":"[vc_row type=\u00bbfull_width_content\u00bb full_screen_row_position=\u00bbmiddle\u00bb column_margin=\u00bbdefault\u00bb column_direction=\u00bbdefault\u00bb column_direction_tablet=\u00bbdefault\u00bb column_direction_phone=\u00bbdefault\u00bb bg_color=\u00bb#ffffff\u00bb scene_position=\u00bbcenter\u00bb text_color=\u00bbdark\u00bb text_align=\u00bbleft\u00bb row_border_radius=\u00bbnone\u00bb row_border_radius_applies=\u00bbbg\u00bb overflow=\u00bbvisible\u00bb overlay_strength=\u00bb0.3&#8243; gradient_direction=\u00bbleft_to_right\u00bb shape_divider_position=\u00bbbottom\u00bb bg_image_animation=\u00bbnone\u00bb gradient_type=\u00bbdefault\u00bb shape_type=\u00bb\u00bb][vc_column column_padding=\u00bbno-extra-padding\u00bb column_padding_tablet=\u00bbinherit\u00bb column_padding_phone=\u00bbinherit\u00bb column_padding_position=\u00bball\u00bb column_element_direction_desktop=\u00bbdefault\u00bb column_element_spacing=\u00bbdefault\u00bb desktop_text_alignment=\u00bbdefault\u00bb tablet_text_alignment=\u00bbdefault\u00bb phone_text_alignment=\u00bbdefault\u00bb background_color_opacity=\u00bb1&#8243; background_hover_color_opacity=\u00bb1&#8243; background_image=\u00bb469&#8243; background_image_position=\u00bbcenter center\u00bb background_image_stacking=\u00bbdefault\u00bb background_image_loading=\u00bbdefault\u00bb column_backdrop_filter=\u00bbnone\u00bb column_shadow=\u00bbnone\u00bb column_border_radius=\u00bbnone\u00bb column_link_target=\u00bb_self\u00bb column_position=\u00bbdefault\u00bb gradient_direction=\u00bbleft_to_right\u00bb overlay_strength=\u00bb0.3&#8243; width=\u00bb1\/2&#8243; tablet_width_inherit=\u00bbdefault\u00bb animation_type=\u00bbdefault\u00bb bg_image_animation=\u00bbnone\u00bb border_type=\u00bbsimple\u00bb column_border_width=\u00bbnone\u00bb column_border_style=\u00bbsolid\u00bb column_padding_type=\u00bbdefault\u00bb gradient_type=\u00bbdefault\u00bb][divider line_type=\u00bbNo Line\u00bb custom_height=\u00bb250&#8243;][\/vc_column][vc_column column_padding=\u00bbpadding-7-percent\u00bb column_padding_tablet=\u00bbinherit\u00bb column_padding_phone=\u00bbinherit\u00bb column_padding_position=\u00bball\u00bb column_element_direction_desktop=\u00bbdefault\u00bb column_element_spacing=\u00bbdefault\u00bb desktop_text_alignment=\u00bbdefault\u00bb tablet_text_alignment=\u00bbdefault\u00bb phone_text_alignment=\u00bbdefault\u00bb background_color=\u00bb#ffffff\u00bb background_color_opacity=\u00bb0.6&#8243; background_hover_color_opacity=\u00bb1&#8243; column_backdrop_filter=\u00bbnone\u00bb font_color=\u00bb#0a0a0a\u00bb column_shadow=\u00bbnone\u00bb column_border_radius=\u00bbnone\u00bb column_link_target=\u00bb_self\u00bb column_position=\u00bbdefault\u00bb gradient_direction=\u00bbleft_to_right\u00bb overlay_strength=\u00bb0.3&#8243; width=\u00bb1\/2&#8243; tablet_width_inherit=\u00bbdefault\u00bb animation_type=\u00bbdefault\u00bb bg_image_animation=\u00bbnone\u00bb border_type=\u00bbsimple\u00bb column_border_width=\u00bbnone\u00bb column_border_style=\u00bbsolid\u00bb column_padding_type=\u00bbdefault\u00bb gradient_type=\u00bbdefault\u00bb][vc_column_text css=\u00bb\u00bb text_direction=\u00bbdefault\u00bb el_class=\u00bbheadingText\u00bb]\n<h1>DINAMOMETR\u00edA<\/h1>\n<div id=\"gtx-trans\" style=\"position: absolute; left: 254px; top: -0.5625px;\">\n<div class=\"gtx-trans-icon\"><\/div>\n<\/div>\n[\/vc_column_text][vc_column_text css=\u00bb\u00bb text_direction=\u00bbdefault\u00bb el_class=\u00bbdescriptionMargin\u00bb]A Kine3 utilizamos <a href=\"https:\/\/kine3terrassa.com\/es\/dinamometria\/\">tecnolog\u00eda avanzada<\/a> para hacer una valoraci\u00f3n funcional precisa y objetiva a trav\u00e9s de la <strong>dinamometr\u00eda <\/strong>(medida de la fuerza muscular) y la <strong>goniometria digital<\/strong> (medida del rango articular).<\/p>\n<p>Estas herramientas nos permiten establecer una l\u00ednea base clara antes de iniciar el tratamiento y hacer un seguimiento riguroso de la evoluci\u00f3n del paciente. Nos ayudan a detectar d\u00e9ficits de fuerza, desequilibrios musculares o limitaciones articulares que pueden pasar desapercibidas con una exploraci\u00f3n convencional. <\/p>\n<p>Con esta informaci\u00f3n, podemos personalizar mejor los planes de rehabilitaci\u00f3n, orientar el trabajo preventivo, y tomar decisiones terap\u00e9uticas basadas en datos objetivos. Es una herramienta especialmente \u00fatil en el contexto de la recuperaci\u00f3n funcional, la fisioterapia deportiva y el retorno a la actividad. <\/p>\n<p>Apostamos por una fisioterapia basada en la evidencia y los resultados medibles, para ofrecerte un tratamiento preciso, seguro y efectivo.[\/vc_column_text][nectar_btn size=\u00bblarge\u00bb button_style=\u00bbregular\u00bb button_color_2=\u00bbExtra-Color-1&#8243; color_override=\u00bb#1CB0CA\u00bb solid_text_color_override=\u00bb#ffffff\u00bb icon_family=\u00bbnone\u00bb text=\u00bbPedir cita\u00bb url=\u00bb#contacte\u00bb][\/vc_column][\/vc_row][vc_row type=\u00bbfull_width_background\u00bb full_screen_row_position=\u00bbmiddle\u00bb column_margin=\u00bbdefault\u00bb column_direction=\u00bbdefault\u00bb column_direction_tablet=\u00bbdefault\u00bb column_direction_phone=\u00bbdefault\u00bb bg_color=\u00bb#ffffff\u00bb scene_position=\u00bbcenter\u00bb top_padding=\u00bb50px\u00bb bottom_padding=\u00bb50px\u00bb text_color=\u00bbdark\u00bb text_align=\u00bbleft\u00bb row_border_radius=\u00bbnone\u00bb row_border_radius_applies=\u00bbbg\u00bb overflow=\u00bbvisible\u00bb overlay_strength=\u00bb0.3&#8243; gradient_direction=\u00bbleft_to_right\u00bb shape_divider_position=\u00bbbottom\u00bb bg_image_animation=\u00bbnone\u00bb gradient_type=\u00bbdefault\u00bb shape_type=\u00bb\u00bb][vc_column column_padding=\u00bbno-extra-padding\u00bb column_padding_tablet=\u00bbinherit\u00bb column_padding_phone=\u00bbinherit\u00bb column_padding_position=\u00bball\u00bb column_element_direction_desktop=\u00bbdefault\u00bb column_element_spacing=\u00bbdefault\u00bb desktop_text_alignment=\u00bbdefault\u00bb tablet_text_alignment=\u00bbdefault\u00bb phone_text_alignment=\u00bbdefault\u00bb background_color_opacity=\u00bb1&#8243; background_hover_color_opacity=\u00bb1&#8243; column_backdrop_filter=\u00bbnone\u00bb column_shadow=\u00bbnone\u00bb column_border_radius=\u00bbnone\u00bb column_link_target=\u00bb_self\u00bb column_position=\u00bbdefault\u00bb gradient_direction=\u00bbleft_to_right\u00bb overlay_strength=\u00bb0.3&#8243; width=\u00bb1\/1&#8243; tablet_width_inherit=\u00bbdefault\u00bb animation_type=\u00bbdefault\u00bb bg_image_animation=\u00bbnone\u00bb border_type=\u00bbsimple\u00bb column_border_width=\u00bbnone\u00bb column_border_style=\u00bbsolid\u00bb][vc_row_inner column_margin=\u00bbdefault\u00bb column_direction=\u00bbdefault\u00bb column_direction_tablet=\u00bbdefault\u00bb column_direction_phone=\u00bbdefault\u00bb top_padding=\u00bb100px\u00bb text_align=\u00bbleft\u00bb row_position=\u00bbdefault\u00bb row_position_tablet=\u00bbinherit\u00bb row_position_phone=\u00bbinherit\u00bb overflow=\u00bbvisible\u00bb pointer_events=\u00bball\u00bb][vc_column_inner left_padding_desktop=\u00bb25%\u00bb constrain_group_101=\u00bbyes\u00bb right_padding_desktop=\u00bb25%\u00bb left_padding_phone=\u00bb10px\u00bb constrain_group_105=\u00bbyes\u00bb right_padding_phone=\u00bb10px\u00bb column_element_direction_desktop=\u00bbdefault\u00bb column_element_spacing=\u00bbdefault\u00bb desktop_text_alignment=\u00bbdefault\u00bb tablet_text_alignment=\u00bbdefault\u00bb phone_text_alignment=\u00bbdefault\u00bb background_color_opacity=\u00bb1&#8243; background_hover_color_opacity=\u00bb1&#8243; column_backdrop_filter=\u00bbnone\u00bb column_shadow=\u00bbnone\u00bb column_border_radius=\u00bbnone\u00bb column_link_target=\u00bb_self\u00bb overflow=\u00bbvisible\u00bb gradient_direction=\u00bbleft_to_right\u00bb overlay_strength=\u00bb0.3&#8243; width=\u00bb1\/1&#8243; tablet_width_inherit=\u00bbdefault\u00bb animation_type=\u00bbdefault\u00bb bg_image_animation=\u00bbnone\u00bb border_type=\u00bbsimple\u00bb column_border_width=\u00bbnone\u00bb column_border_style=\u00bbsolid\u00bb column_padding_type=\u00bbadvanced\u00bb gradient_type=\u00bbdefault\u00bb][vc_column_text css=\u00bb\u00bb text_direction=\u00bbdefault\u00bb]\n<h2 style=\"text-align: center;\">Precios de nuestras sesiones de dinamometr\u00eda<\/h2>\n[\/vc_column_text][\/vc_column_inner][\/vc_row_inner][vc_row_inner equal_height=\u00bbyes\u00bb column_margin=\u00bbdefault\u00bb column_direction=\u00bbdefault\u00bb column_direction_tablet=\u00bbdefault\u00bb column_direction_phone=\u00bbdefault\u00bb text_align=\u00bbleft\u00bb row_position=\u00bbdefault\u00bb row_position_tablet=\u00bbinherit\u00bb row_position_phone=\u00bbinherit\u00bb overflow=\u00bbvisible\u00bb pointer_events=\u00bball\u00bb][vc_column_inner column_padding=\u00bbpadding-6-percent\u00bb column_padding_tablet=\u00bbinherit\u00bb column_padding_phone=\u00bbinherit\u00bb column_padding_position=\u00bball\u00bb column_element_direction_desktop=\u00bbdefault\u00bb column_element_spacing=\u00bbdefault\u00bb desktop_text_alignment=\u00bbdefault\u00bb tablet_text_alignment=\u00bbdefault\u00bb phone_text_alignment=\u00bbdefault\u00bb background_color=\u00bb#c2e4ea\u00bb background_color_opacity=\u00bb1&#8243; background_hover_color_opacity=\u00bb1&#8243; column_backdrop_filter=\u00bbnone\u00bb column_shadow=\u00bbnone\u00bb column_border_radius=\u00bbnone\u00bb column_link_target=\u00bb_self\u00bb overflow=\u00bbvisible\u00bb gradient_direction=\u00bbleft_to_right\u00bb overlay_strength=\u00bb0.3&#8243; width=\u00bb1\/3&#8243; tablet_width_inherit=\u00bbdefault\u00bb animation_type=\u00bbdefault\u00bb bg_image_animation=\u00bbnone\u00bb border_type=\u00bbsimple\u00bb column_border_width=\u00bbnone\u00bb column_border_style=\u00bbsolid\u00bb column_padding_type=\u00bbdefault\u00bb gradient_type=\u00bbdefault\u00bb][vc_column_text css=\u00bb\u00bb text_direction=\u00bbdefault\u00bb]\n<h3>Sesi\u00f3n de fisioterapia<\/h3>\n<p>Primera visita \u2014 65\u20ac<br \/>\nContinuada &#8211; 55\u20ac<\/p>\n<div id=\"gtx-trans\" style=\"position: absolute; left: 118px; top: -4.09375px;\">\n<div class=\"gtx-trans-icon\"><\/div>\n<\/div>\n[\/vc_column_text][\/vc_column_inner][vc_column_inner column_padding=\u00bbpadding-6-percent\u00bb column_padding_tablet=\u00bbinherit\u00bb column_padding_phone=\u00bbinherit\u00bb column_padding_position=\u00bball\u00bb column_element_direction_desktop=\u00bbdefault\u00bb column_element_spacing=\u00bbdefault\u00bb desktop_text_alignment=\u00bbdefault\u00bb tablet_text_alignment=\u00bbdefault\u00bb phone_text_alignment=\u00bbdefault\u00bb background_color=\u00bb#1CB0CA\u00bb background_color_opacity=\u00bb1&#8243; background_hover_color_opacity=\u00bb1&#8243; column_backdrop_filter=\u00bbnone\u00bb font_color=\u00bb#ffffff\u00bb column_shadow=\u00bbnone\u00bb column_border_radius=\u00bbnone\u00bb column_link_target=\u00bb_self\u00bb overflow=\u00bbvisible\u00bb gradient_direction=\u00bbleft_to_right\u00bb overlay_strength=\u00bb0.3&#8243; width=\u00bb1\/3&#8243; tablet_width_inherit=\u00bbdefault\u00bb animation_type=\u00bbdefault\u00bb bg_image_animation=\u00bbnone\u00bb border_type=\u00bbsimple\u00bb column_border_width=\u00bbnone\u00bb column_border_style=\u00bbsolid\u00bb column_padding_type=\u00bbdefault\u00bb gradient_type=\u00bbdefault\u00bb][vc_column_text css=\u00bb\u00bb text_direction=\u00bbdefault\u00bb]\n<h3>Pack de 5 sesiones<\/h3>\n<p>Precio por sesi\u00f3n \u2014 50\u20ac<br \/>\nPrecio total \u2014 250\u20ac[\/vc_column_text][\/vc_column_inner][vc_column_inner column_padding=\u00bbpadding-6-percent\u00bb column_padding_tablet=\u00bbinherit\u00bb column_padding_phone=\u00bbinherit\u00bb column_padding_position=\u00bball\u00bb column_element_direction_desktop=\u00bbdefault\u00bb column_element_spacing=\u00bbdefault\u00bb desktop_text_alignment=\u00bbdefault\u00bb tablet_text_alignment=\u00bbdefault\u00bb phone_text_alignment=\u00bbdefault\u00bb background_color=\u00bb#053c46&#8243; background_color_opacity=\u00bb1&#8243; background_hover_color_opacity=\u00bb1&#8243; column_backdrop_filter=\u00bbnone\u00bb font_color=\u00bb#ffffff\u00bb column_shadow=\u00bbnone\u00bb column_border_radius=\u00bbnone\u00bb column_link_target=\u00bb_self\u00bb overflow=\u00bbvisible\u00bb gradient_direction=\u00bbleft_to_right\u00bb overlay_strength=\u00bb0.3&#8243; width=\u00bb1\/3&#8243; tablet_width_inherit=\u00bbdefault\u00bb animation_type=\u00bbdefault\u00bb bg_image_animation=\u00bbnone\u00bb border_type=\u00bbsimple\u00bb column_border_width=\u00bbnone\u00bb column_border_style=\u00bbsolid\u00bb column_padding_type=\u00bbdefault\u00bb gradient_type=\u00bbdefault\u00bb][vc_column_text css=\u00bb\u00bb text_direction=\u00bbdefault\u00bb]\n<h3>Pack de 10 sessions<\/h3>\n<p>Precio por sesi\u00f3n \u2014 45\u20ac<br \/>\nPrecio total \u2014 450\u20ac[\/vc_column_text][\/vc_column_inner][\/vc_row_inner][vc_row_inner content_placement=\u00bbmiddle\u00bb column_margin=\u00bbdefault\u00bb column_direction=\u00bbdefault\u00bb column_direction_tablet=\u00bbdefault\u00bb column_direction_phone=\u00bbdefault\u00bb text_align=\u00bbcenter\u00bb row_position=\u00bbdefault\u00bb row_position_tablet=\u00bbinherit\u00bb row_position_phone=\u00bbinherit\u00bb overflow=\u00bbvisible\u00bb pointer_events=\u00bball\u00bb css=\u00bb.vc_custom_1744113127525{background-color: #f5f5f5 !important;}\u00bb][vc_column_inner top_padding_desktop=\u00bb50px\u00bb bottom_padding_desktop=\u00bb50px\u00bb column_element_direction_desktop=\u00bbdefault\u00bb column_element_spacing=\u00bbdefault\u00bb desktop_text_alignment=\u00bbdefault\u00bb tablet_text_alignment=\u00bbdefault\u00bb phone_text_alignment=\u00bbdefault\u00bb background_color_opacity=\u00bb1&#8243; background_hover_color_opacity=\u00bb1&#8243; column_backdrop_filter=\u00bbnone\u00bb column_shadow=\u00bbnone\u00bb column_border_radius=\u00bbnone\u00bb column_link_target=\u00bb_self\u00bb overflow=\u00bbvisible\u00bb gradient_direction=\u00bbleft_to_right\u00bb overlay_strength=\u00bb0.3&#8243; width=\u00bb1\/1&#8243; tablet_width_inherit=\u00bbdefault\u00bb animation_type=\u00bbdefault\u00bb bg_image_animation=\u00bbnone\u00bb border_type=\u00bbsimple\u00bb column_border_width=\u00bbnone\u00bb column_border_style=\u00bbsolid\u00bb column_padding_type=\u00bbadvanced\u00bb gradient_type=\u00bbdefault\u00bb][vc_column_text css=\u00bb\u00bb text_direction=\u00bbdefault\u00bb]\n<h3 style=\"text-align: center;\">\u00bfQuieres empezar o saber m\u00e1s?<\/h3>\n[\/vc_column_text][nectar_btn size=\u00bblarge\u00bb button_style=\u00bbregular\u00bb button_color_2=\u00bbExtra-Color-2&#8243; color_override=\u00bb#f26b24&#8243; solid_text_color_override=\u00bb#ffffff\u00bb icon_family=\u00bbnone\u00bb text=\u00bbPedir informaci\u00f3n\u00bb url=\u00bb#contacte\u00bb margin_top=\u00bb15&#8243;][\/vc_column_inner][\/vc_row_inner][\/vc_column][\/vc_row]\n","protected":false},"excerpt":{"rendered":"<p>[vc_row type=\u00bbfull_width_content\u00bb full_screen_row_position=\u00bbmiddle\u00bb column_margin=\u00bbdefault\u00bb column_direction=\u00bbdefault\u00bb column_direction_tablet=\u00bbdefault\u00bb column_direction_phone=\u00bbdefault\u00bb bg_color=\u00bb#ffffff\u00bb scene_position=\u00bbcenter\u00bb text_color=\u00bbdark\u00bb text_align=\u00bbleft\u00bb row_border_radius=\u00bbnone\u00bb row_border_radius_applies=\u00bbbg\u00bb overflow=\u00bbvisible\u00bb overlay_strength=\u00bb0.3&#8243; gradient_direction=\u00bbleft_to_right\u00bb shape_divider_position=\u00bbbottom\u00bb bg_image_animation=\u00bbnone\u00bb gradient_type=\u00bbdefault\u00bb shape_type=\u00bb\u00bb][vc_column column_padding=\u00bbno-extra-padding\u00bb column_padding_tablet=\u00bbinherit\u00bb column_padding_phone=\u00bbinherit\u00bb column_padding_position=\u00bball\u00bb column_element_direction_desktop=\u00bbdefault\u00bb column_element_spacing=\u00bbdefault\u00bb desktop_text_alignment=\u00bbdefault\u00bb tablet_text_alignment=\u00bbdefault\u00bb phone_text_alignment=\u00bbdefault\u00bb background_color_opacity=\u00bb1&#8243;&#8230;<\/p>\n","protected":false},"author":2,"featured_media":0,"parent":0,"menu_order":0,"comment_status":"closed","ping_status":"closed","template":"","meta":{"_acf_changed":false,"_joinchat":[],"footnotes":""},"class_list":["post-1076","page","type-page","status-publish"],"acf":[],"yoast_head":"<!-- This site is optimized with the Yoast SEO plugin v27.0 - https:\/\/yoast.com\/product\/yoast-seo-wordpress\/ -->\n<title>Kine3 | Dinamometr\u00eda en Terrassa<\/title>\n<meta name=\"description\" content=\"Dinamometria en Terrassa medimos bastante muscular y rango articular con goniometria digital para una rehabilitaci\u00f3n precisa. Pide cita\" \/>\n<meta name=\"robots\" content=\"index, follow, max-snippet:-1, max-image-preview:large, max-video-preview:-1\" \/>\n<link rel=\"canonical\" href=\"https:\/\/kine3terrassa.com\/es\/dinamometria\/\" \/>\n<meta property=\"og:locale\" content=\"es_ES\" \/>\n<meta property=\"og:type\" content=\"article\" \/>\n<meta property=\"og:title\" content=\"Kine3 | Dinamometr\u00eda en Terrassa\" \/>\n<meta property=\"og:description\" content=\"Dinamometria en Terrassa medimos bastante muscular y rango articular con goniometria digital para una rehabilitaci\u00f3n precisa. Pide cita\" \/>\n<meta property=\"og:url\" content=\"https:\/\/kine3terrassa.com\/es\/dinamometria\/\" \/>\n<meta property=\"og:site_name\" content=\"Kine3\" \/>\n<meta property=\"article:publisher\" content=\"https:\/\/www.facebook.com\/people\/KINE3\/61560753885986\/#\" \/>\n<meta property=\"article:modified_time\" content=\"2026-03-12T10:54:55+00:00\" \/>\n<meta name=\"twitter:card\" content=\"summary_large_image\" \/>\n<meta name=\"twitter:label1\" content=\"Tiempo de lectura\" \/>\n\t<meta name=\"twitter:data1\" content=\"7 minutos\" \/>\n<script type=\"application\/ld+json\" class=\"yoast-schema-graph\">{\"@context\":\"https:\/\/schema.org\",\"@graph\":[{\"@type\":\"WebPage\",\"@id\":\"https:\/\/kine3terrassa.com\/es\/dinamometria\/\",\"url\":\"https:\/\/kine3terrassa.com\/es\/dinamometria\/\",\"name\":\"Kine3 | Dinamometr\u00eda en Terrassa\",\"isPartOf\":{\"@id\":\"https:\/\/kine3terrassa.com\/#website\"},\"datePublished\":\"2025-07-15T11:37:48+00:00\",\"dateModified\":\"2026-03-12T10:54:55+00:00\",\"description\":\"Dinamometria en Terrassa medimos bastante muscular y rango articular con goniometria digital para una rehabilitaci\u00f3n precisa. Pide cita\",\"breadcrumb\":{\"@id\":\"https:\/\/kine3terrassa.com\/es\/dinamometria\/#breadcrumb\"},\"inLanguage\":\"es\",\"potentialAction\":[{\"@type\":\"ReadAction\",\"target\":[\"https:\/\/kine3terrassa.com\/es\/dinamometria\/\"]}]},{\"@type\":\"BreadcrumbList\",\"@id\":\"https:\/\/kine3terrassa.com\/es\/dinamometria\/#breadcrumb\",\"itemListElement\":[{\"@type\":\"ListItem\",\"position\":1,\"name\":\"Inici\",\"item\":\"https:\/\/kine3terrassa.com\/es\/home\/\"},{\"@type\":\"ListItem\",\"position\":2,\"name\":\"Dinamometr\u00eda\"}]},{\"@type\":\"WebSite\",\"@id\":\"https:\/\/kine3terrassa.com\/#website\",\"url\":\"https:\/\/kine3terrassa.com\/\",\"name\":\"Kine3Terrassa\",\"description\":\"\",\"publisher\":{\"@id\":\"https:\/\/kine3terrassa.com\/#organization\"},\"alternateName\":\"Kine3\",\"potentialAction\":[{\"@type\":\"SearchAction\",\"target\":{\"@type\":\"EntryPoint\",\"urlTemplate\":\"https:\/\/kine3terrassa.com\/?s={search_term_string}\"},\"query-input\":{\"@type\":\"PropertyValueSpecification\",\"valueRequired\":true,\"valueName\":\"search_term_string\"}}],\"inLanguage\":\"es\"},{\"@type\":\"Organization\",\"@id\":\"https:\/\/kine3terrassa.com\/#organization\",\"name\":\"Kine3\",\"url\":\"https:\/\/kine3terrassa.com\/\",\"logo\":{\"@type\":\"ImageObject\",\"inLanguage\":\"es\",\"@id\":\"https:\/\/kine3terrassa.com\/#\/schema\/logo\/image\/\",\"url\":\"https:\/\/kine3terrassa.com\/wp-content\/uploads\/2025\/04\/image-removebg-preview-2.png\",\"contentUrl\":\"https:\/\/kine3terrassa.com\/wp-content\/uploads\/2025\/04\/image-removebg-preview-2.png\",\"width\":137,\"height\":56,\"caption\":\"Kine3\"},\"image\":{\"@id\":\"https:\/\/kine3terrassa.com\/#\/schema\/logo\/image\/\"},\"sameAs\":[\"https:\/\/www.facebook.com\/people\/KINE3\/61560753885986\/#\",\"https:\/\/www.instagram.com\/kine3_terrassa\",\"https:\/\/www.linkedin.com\/company\/kine3\/\"]}]}<\/script>\n<!-- \/ Yoast SEO plugin. -->","yoast_head_json":{"title":"Kine3 | Dinamometr\u00eda en Terrassa","description":"Dinamometria en Terrassa medimos bastante muscular y rango articular con goniometria digital para una rehabilitaci\u00f3n precisa. Pide cita","robots":{"index":"index","follow":"follow","max-snippet":"max-snippet:-1","max-image-preview":"max-image-preview:large","max-video-preview":"max-video-preview:-1"},"canonical":"https:\/\/kine3terrassa.com\/es\/dinamometria\/","og_locale":"es_ES","og_type":"article","og_title":"Kine3 | Dinamometr\u00eda en Terrassa","og_description":"Dinamometria en Terrassa medimos bastante muscular y rango articular con goniometria digital para una rehabilitaci\u00f3n precisa. Pide cita","og_url":"https:\/\/kine3terrassa.com\/es\/dinamometria\/","og_site_name":"Kine3","article_publisher":"https:\/\/www.facebook.com\/people\/KINE3\/61560753885986\/#","article_modified_time":"2026-03-12T10:54:55+00:00","twitter_card":"summary_large_image","twitter_misc":{"Tiempo de lectura":"7 minutos"},"schema":{"@context":"https:\/\/schema.org","@graph":[{"@type":"WebPage","@id":"https:\/\/kine3terrassa.com\/es\/dinamometria\/","url":"https:\/\/kine3terrassa.com\/es\/dinamometria\/","name":"Kine3 | Dinamometr\u00eda en Terrassa","isPartOf":{"@id":"https:\/\/kine3terrassa.com\/#website"},"datePublished":"2025-07-15T11:37:48+00:00","dateModified":"2026-03-12T10:54:55+00:00","description":"Dinamometria en Terrassa medimos bastante muscular y rango articular con goniometria digital para una rehabilitaci\u00f3n precisa. Pide cita","breadcrumb":{"@id":"https:\/\/kine3terrassa.com\/es\/dinamometria\/#breadcrumb"},"inLanguage":"es","potentialAction":[{"@type":"ReadAction","target":["https:\/\/kine3terrassa.com\/es\/dinamometria\/"]}]},{"@type":"BreadcrumbList","@id":"https:\/\/kine3terrassa.com\/es\/dinamometria\/#breadcrumb","itemListElement":[{"@type":"ListItem","position":1,"name":"Inici","item":"https:\/\/kine3terrassa.com\/es\/home\/"},{"@type":"ListItem","position":2,"name":"Dinamometr\u00eda"}]},{"@type":"WebSite","@id":"https:\/\/kine3terrassa.com\/#website","url":"https:\/\/kine3terrassa.com\/","name":"Kine3Terrassa","description":"","publisher":{"@id":"https:\/\/kine3terrassa.com\/#organization"},"alternateName":"Kine3","potentialAction":[{"@type":"SearchAction","target":{"@type":"EntryPoint","urlTemplate":"https:\/\/kine3terrassa.com\/?s={search_term_string}"},"query-input":{"@type":"PropertyValueSpecification","valueRequired":true,"valueName":"search_term_string"}}],"inLanguage":"es"},{"@type":"Organization","@id":"https:\/\/kine3terrassa.com\/#organization","name":"Kine3","url":"https:\/\/kine3terrassa.com\/","logo":{"@type":"ImageObject","inLanguage":"es","@id":"https:\/\/kine3terrassa.com\/#\/schema\/logo\/image\/","url":"https:\/\/kine3terrassa.com\/wp-content\/uploads\/2025\/04\/image-removebg-preview-2.png","contentUrl":"https:\/\/kine3terrassa.com\/wp-content\/uploads\/2025\/04\/image-removebg-preview-2.png","width":137,"height":56,"caption":"Kine3"},"image":{"@id":"https:\/\/kine3terrassa.com\/#\/schema\/logo\/image\/"},"sameAs":["https:\/\/www.facebook.com\/people\/KINE3\/61560753885986\/#","https:\/\/www.instagram.com\/kine3_terrassa","https:\/\/www.linkedin.com\/company\/kine3\/"]}]}},"_links":{"self":[{"href":"https:\/\/kine3terrassa.com\/es\/wp-json\/wp\/v2\/pages\/1076","targetHints":{"allow":["GET"]}}],"collection":[{"href":"https:\/\/kine3terrassa.com\/es\/wp-json\/wp\/v2\/pages"}],"about":[{"href":"https:\/\/kine3terrassa.com\/es\/wp-json\/wp\/v2\/types\/page"}],"author":[{"embeddable":true,"href":"https:\/\/kine3terrassa.com\/es\/wp-json\/wp\/v2\/users\/2"}],"replies":[{"embeddable":true,"href":"https:\/\/kine3terrassa.com\/es\/wp-json\/wp\/v2\/comments?post=1076"}],"version-history":[{"count":5,"href":"https:\/\/kine3terrassa.com\/es\/wp-json\/wp\/v2\/pages\/1076\/revisions"}],"predecessor-version":[{"id":1298,"href":"https:\/\/kine3terrassa.com\/es\/wp-json\/wp\/v2\/pages\/1076\/revisions\/1298"}],"wp:attachment":[{"href":"https:\/\/kine3terrassa.com\/es\/wp-json\/wp\/v2\/media?parent=1076"}],"curies":[{"name":"wp","href":"https:\/\/api.w.org\/{rel}","templated":true}]}}