{"id":1108,"date":"2025-04-08T12:16:35","date_gmt":"2025-04-08T10:16:35","guid":{"rendered":"https:\/\/kine3terrassa.com\/contacto\/"},"modified":"2026-03-12T11:50:37","modified_gmt":"2026-03-12T10:50:37","slug":"contacto","status":"publish","type":"page","link":"https:\/\/kine3terrassa.com\/es\/contacto\/","title":{"rendered":"Contacto"},"content":{"rendered":"<p><\/p>\n","protected":false},"excerpt":{"rendered":"","protected":false},"author":2,"featured_media":0,"parent":0,"menu_order":0,"comment_status":"closed","ping_status":"closed","template":"","meta":{"_acf_changed":false,"_joinchat":[],"footnotes":""},"class_list":["post-1108","page","type-page","status-publish"],"acf":[],"yoast_head":"<!-- This site is optimized with the Yoast SEO plugin v27.0 - https:\/\/yoast.com\/product\/yoast-seo-wordpress\/ -->\n<title>Kine3 | Contacta y pide cita<\/title>\n<meta name=\"description\" content=\"Contacta con Kine3 en Terrassa: tel\u00e9fono, correo y ubicaci\u00f3n. Pregunta hora por fisioterapia, osteopat\u00eda o entrenamiento.\" \/>\n<meta name=\"robots\" content=\"index, follow, max-snippet:-1, max-image-preview:large, max-video-preview:-1\" \/>\n<link rel=\"canonical\" href=\"https:\/\/kine3terrassa.com\/es\/contacto\/\" \/>\n<meta property=\"og:locale\" content=\"es_ES\" \/>\n<meta property=\"og:type\" content=\"article\" \/>\n<meta property=\"og:title\" content=\"Kine3 | Contacta y pide cita\" \/>\n<meta property=\"og:description\" content=\"Contacta con Kine3 en Terrassa: tel\u00e9fono, correo y ubicaci\u00f3n. Pregunta hora por fisioterapia, osteopat\u00eda o entrenamiento.\" \/>\n<meta property=\"og:url\" content=\"https:\/\/kine3terrassa.com\/es\/contacto\/\" \/>\n<meta property=\"og:site_name\" content=\"Kine3\" \/>\n<meta property=\"article:publisher\" content=\"https:\/\/www.facebook.com\/people\/KINE3\/61560753885986\/#\" \/>\n<meta property=\"article:modified_time\" content=\"2026-03-12T10:50:37+00:00\" \/>\n<meta name=\"twitter:card\" content=\"summary_large_image\" \/>\n<script type=\"application\/ld+json\" class=\"yoast-schema-graph\">{\"@context\":\"https:\/\/schema.org\",\"@graph\":[{\"@type\":\"WebPage\",\"@id\":\"https:\/\/kine3terrassa.com\/es\/contacto\/\",\"url\":\"https:\/\/kine3terrassa.com\/es\/contacto\/\",\"name\":\"Kine3 | Contacta y pide cita\",\"isPartOf\":{\"@id\":\"https:\/\/kine3terrassa.com\/#website\"},\"datePublished\":\"2025-04-08T10:16:35+00:00\",\"dateModified\":\"2026-03-12T10:50:37+00:00\",\"description\":\"Contacta con Kine3 en Terrassa: tel\u00e9fono, correo y ubicaci\u00f3n. Pregunta hora por fisioterapia, osteopat\u00eda o entrenamiento.\",\"breadcrumb\":{\"@id\":\"https:\/\/kine3terrassa.com\/es\/contacto\/#breadcrumb\"},\"inLanguage\":\"es\",\"potentialAction\":[{\"@type\":\"ReadAction\",\"target\":[\"https:\/\/kine3terrassa.com\/es\/contacto\/\"]}]},{\"@type\":\"BreadcrumbList\",\"@id\":\"https:\/\/kine3terrassa.com\/es\/contacto\/#breadcrumb\",\"itemListElement\":[{\"@type\":\"ListItem\",\"position\":1,\"name\":\"Inici\",\"item\":\"https:\/\/kine3terrassa.com\/es\/home\/\"},{\"@type\":\"ListItem\",\"position\":2,\"name\":\"Contacto\"}]},{\"@type\":\"WebSite\",\"@id\":\"https:\/\/kine3terrassa.com\/#website\",\"url\":\"https:\/\/kine3terrassa.com\/\",\"name\":\"Kine3Terrassa\",\"description\":\"\",\"publisher\":{\"@id\":\"https:\/\/kine3terrassa.com\/#organization\"},\"alternateName\":\"Kine3\",\"potentialAction\":[{\"@type\":\"SearchAction\",\"target\":{\"@type\":\"EntryPoint\",\"urlTemplate\":\"https:\/\/kine3terrassa.com\/?s={search_term_string}\"},\"query-input\":{\"@type\":\"PropertyValueSpecification\",\"valueRequired\":true,\"valueName\":\"search_term_string\"}}],\"inLanguage\":\"es\"},{\"@type\":\"Organization\",\"@id\":\"https:\/\/kine3terrassa.com\/#organization\",\"name\":\"Kine3\",\"url\":\"https:\/\/kine3terrassa.com\/\",\"logo\":{\"@type\":\"ImageObject\",\"inLanguage\":\"es\",\"@id\":\"https:\/\/kine3terrassa.com\/#\/schema\/logo\/image\/\",\"url\":\"https:\/\/kine3terrassa.com\/wp-content\/uploads\/2025\/04\/image-removebg-preview-2.png\",\"contentUrl\":\"https:\/\/kine3terrassa.com\/wp-content\/uploads\/2025\/04\/image-removebg-preview-2.png\",\"width\":137,\"height\":56,\"caption\":\"Kine3\"},\"image\":{\"@id\":\"https:\/\/kine3terrassa.com\/#\/schema\/logo\/image\/\"},\"sameAs\":[\"https:\/\/www.facebook.com\/people\/KINE3\/61560753885986\/#\",\"https:\/\/www.instagram.com\/kine3_terrassa\",\"https:\/\/www.linkedin.com\/company\/kine3\/\"]}]}<\/script>\n<!-- \/ Yoast SEO plugin. -->","yoast_head_json":{"title":"Kine3 | Contacta y pide cita","description":"Contacta con Kine3 en Terrassa: tel\u00e9fono, correo y ubicaci\u00f3n. Pregunta hora por fisioterapia, osteopat\u00eda o entrenamiento.","robots":{"index":"index","follow":"follow","max-snippet":"max-snippet:-1","max-image-preview":"max-image-preview:large","max-video-preview":"max-video-preview:-1"},"canonical":"https:\/\/kine3terrassa.com\/es\/contacto\/","og_locale":"es_ES","og_type":"article","og_title":"Kine3 | Contacta y pide cita","og_description":"Contacta con Kine3 en Terrassa: tel\u00e9fono, correo y ubicaci\u00f3n. Pregunta hora por fisioterapia, osteopat\u00eda o entrenamiento.","og_url":"https:\/\/kine3terrassa.com\/es\/contacto\/","og_site_name":"Kine3","article_publisher":"https:\/\/www.facebook.com\/people\/KINE3\/61560753885986\/#","article_modified_time":"2026-03-12T10:50:37+00:00","twitter_card":"summary_large_image","schema":{"@context":"https:\/\/schema.org","@graph":[{"@type":"WebPage","@id":"https:\/\/kine3terrassa.com\/es\/contacto\/","url":"https:\/\/kine3terrassa.com\/es\/contacto\/","name":"Kine3 | Contacta y pide cita","isPartOf":{"@id":"https:\/\/kine3terrassa.com\/#website"},"datePublished":"2025-04-08T10:16:35+00:00","dateModified":"2026-03-12T10:50:37+00:00","description":"Contacta con Kine3 en Terrassa: tel\u00e9fono, correo y ubicaci\u00f3n. Pregunta hora por fisioterapia, osteopat\u00eda o entrenamiento.","breadcrumb":{"@id":"https:\/\/kine3terrassa.com\/es\/contacto\/#breadcrumb"},"inLanguage":"es","potentialAction":[{"@type":"ReadAction","target":["https:\/\/kine3terrassa.com\/es\/contacto\/"]}]},{"@type":"BreadcrumbList","@id":"https:\/\/kine3terrassa.com\/es\/contacto\/#breadcrumb","itemListElement":[{"@type":"ListItem","position":1,"name":"Inici","item":"https:\/\/kine3terrassa.com\/es\/home\/"},{"@type":"ListItem","position":2,"name":"Contacto"}]},{"@type":"WebSite","@id":"https:\/\/kine3terrassa.com\/#website","url":"https:\/\/kine3terrassa.com\/","name":"Kine3Terrassa","description":"","publisher":{"@id":"https:\/\/kine3terrassa.com\/#organization"},"alternateName":"Kine3","potentialAction":[{"@type":"SearchAction","target":{"@type":"EntryPoint","urlTemplate":"https:\/\/kine3terrassa.com\/?s={search_term_string}"},"query-input":{"@type":"PropertyValueSpecification","valueRequired":true,"valueName":"search_term_string"}}],"inLanguage":"es"},{"@type":"Organization","@id":"https:\/\/kine3terrassa.com\/#organization","name":"Kine3","url":"https:\/\/kine3terrassa.com\/","logo":{"@type":"ImageObject","inLanguage":"es","@id":"https:\/\/kine3terrassa.com\/#\/schema\/logo\/image\/","url":"https:\/\/kine3terrassa.com\/wp-content\/uploads\/2025\/04\/image-removebg-preview-2.png","contentUrl":"https:\/\/kine3terrassa.com\/wp-content\/uploads\/2025\/04\/image-removebg-preview-2.png","width":137,"height":56,"caption":"Kine3"},"image":{"@id":"https:\/\/kine3terrassa.com\/#\/schema\/logo\/image\/"},"sameAs":["https:\/\/www.facebook.com\/people\/KINE3\/61560753885986\/#","https:\/\/www.instagram.com\/kine3_terrassa","https:\/\/www.linkedin.com\/company\/kine3\/"]}]}},"_links":{"self":[{"href":"https:\/\/kine3terrassa.com\/es\/wp-json\/wp\/v2\/pages\/1108","targetHints":{"allow":["GET"]}}],"collection":[{"href":"https:\/\/kine3terrassa.com\/es\/wp-json\/wp\/v2\/pages"}],"about":[{"href":"https:\/\/kine3terrassa.com\/es\/wp-json\/wp\/v2\/types\/page"}],"author":[{"embeddable":true,"href":"https:\/\/kine3terrassa.com\/es\/wp-json\/wp\/v2\/users\/2"}],"replies":[{"embeddable":true,"href":"https:\/\/kine3terrassa.com\/es\/wp-json\/wp\/v2\/comments?post=1108"}],"version-history":[{"count":1,"href":"https:\/\/kine3terrassa.com\/es\/wp-json\/wp\/v2\/pages\/1108\/revisions"}],"predecessor-version":[{"id":1295,"href":"https:\/\/kine3terrassa.com\/es\/wp-json\/wp\/v2\/pages\/1108\/revisions\/1295"}],"wp:attachment":[{"href":"https:\/\/kine3terrassa.com\/es\/wp-json\/wp\/v2\/media?parent=1108"}],"curies":[{"name":"wp","href":"https:\/\/api.w.org\/{rel}","templated":true}]}}