{"id":1141,"date":"2025-06-13T13:39:11","date_gmt":"2025-06-13T11:39:11","guid":{"rendered":"https:\/\/kine3terrassa.com\/aviso-legal\/"},"modified":"2026-03-12T11:49:00","modified_gmt":"2026-03-12T10:49:00","slug":"aviso-legal","status":"publish","type":"page","link":"https:\/\/kine3terrassa.com\/es\/aviso-legal\/","title":{"rendered":"Aviso legal"},"content":{"rendered":"[vc_row type=\u00bbin_container\u00bb full_screen_row_position=\u00bbmiddle\u00bb column_margin=\u00bbdefault\u00bb column_direction=\u00bbdefault\u00bb column_direction_tablet=\u00bbdefault\u00bb column_direction_phone=\u00bbdefault\u00bb scene_position=\u00bbcenter\u00bb text_color=\u00bbdark\u00bb text_align=\u00bbleft\u00bb row_border_radius=\u00bbnone\u00bb row_border_radius_applies=\u00bbbg\u00bb overflow=\u00bbvisible\u00bb overlay_strength=\u00bb0.3&#8243; gradient_direction=\u00bbleft_to_right\u00bb shape_divider_position=\u00bbbottom\u00bb bg_image_animation=\u00bbnone\u00bb][vc_column column_padding=\u00bbno-extra-padding\u00bb column_padding_tablet=\u00bbinherit\u00bb column_padding_phone=\u00bbinherit\u00bb column_padding_position=\u00bball\u00bb column_element_direction_desktop=\u00bbdefault\u00bb column_element_spacing=\u00bbdefault\u00bb desktop_text_alignment=\u00bbdefault\u00bb tablet_text_alignment=\u00bbdefault\u00bb phone_text_alignment=\u00bbdefault\u00bb background_color_opacity=\u00bb1&#8243; background_hover_color_opacity=\u00bb1&#8243; column_backdrop_filter=\u00bbnone\u00bb column_shadow=\u00bbnone\u00bb column_border_radius=\u00bbnone\u00bb column_link_target=\u00bb_self\u00bb column_position=\u00bbdefault\u00bb gradient_direction=\u00bbleft_to_right\u00bb overlay_strength=\u00bb0.3&#8243; width=\u00bb1\/1&#8243; tablet_width_inherit=\u00bbdefault\u00bb animation_type=\u00bbdefault\u00bb bg_image_animation=\u00bbnone\u00bb border_type=\u00bbsimple\u00bb column_border_width=\u00bbnone\u00bb column_border_style=\u00bbsolid\u00bb][vc_column_text css=\u00bb\u00bb text_direction=\u00bbdefault\u00bb]\n<h1>Aviso Legal<\/h1>\n<p>Este sitio web se propiedad de SALUD <strong>TERRASSA SL<\/strong>, con NIF B72788730 y domicilio a   <strong>c\/Sant Joan n\u00fam. 1, 08221 Terrassa, Barcelona (Espanya) <\/strong>. Para cualquier consulta, puedes llamar al <strong>699 618 140<\/strong>.<\/p>\n<h2>A. \u00c1mbito de aplicaci\u00f3n y legislaci\u00f3n<\/h2>\n<p>El uso de este sitio web se rige por la legislaci\u00f3n espa\u00f1ola vigente, siente de obligado cumplimiento para todas las personas usuarias. El acceso implica la aceptaci\u00f3n de las condiciones de uso. Si no est\u00e1s de acuerdo, por favor, no utilices este sitio web.  <\/p>\n<p>Para introducir datos personales hay que tener al menos 14 a\u00f1os o capacidad jur\u00eddica suficiente para contratar.<\/p>\n<h2>B. Propiedad intelectual<\/h2>\n<p>Todos los contenidos (textos, im\u00e1genes, c\u00f3digos fuente&#8230;) son propiedad de la empresa o tienen licencia de uso. El uso privado est\u00e1 permitido, pero queda prohibido copiar, reproducir, distribuir o modificar sin autorizaci\u00f3n. <\/p>\n<h2>C. Condiciones de acceso y uso<\/h2>\n<p>El acceso es libre y gratuito, sin necesidad de registro. El uso del sitio web se tiene que hacer de buena fe y bajo la responsabilidad de la persona usuaria. Est\u00e1 prohibido usar m\u00e9todos no autorizados para obtener informaci\u00f3n o servicios del web.  <\/p>\n<h2>D. Protecci\u00f3n de datos y pol\u00edtica de privacidad<\/h2>\n<p>Nos comprometemos a garantizar la privacidad de los datos. Por eso, solo se recogen datos necesarios, con consentimiento expreso, y nunca de menores de 14 a\u00f1os sin autorizaci\u00f3n. <\/p>\n<h2>E. Disponibilidad del servicio<\/h2>\n<p>No podemos garantizar la disponibilidad ininterrumpida del web, por causas t\u00e9cnicas o ajenas. Este web es de car\u00e1cter informativo y corporativo. <\/p>\n<h2>F. Vigencia de las condiciones<\/h2>\n<p>Estas condiciones se han modificado el 04\/07\/2024. Pueden actualizarse en cualquier momento. Recomendamos consultarlas peri\u00f3dicamente.[\/vc_column_text][\/vc_column][\/vc_row]\n","protected":false},"excerpt":{"rendered":"<p>[vc_row type=\u00bbin_container\u00bb full_screen_row_position=\u00bbmiddle\u00bb column_margin=\u00bbdefault\u00bb column_direction=\u00bbdefault\u00bb column_direction_tablet=\u00bbdefault\u00bb column_direction_phone=\u00bbdefault\u00bb scene_position=\u00bbcenter\u00bb text_color=\u00bbdark\u00bb text_align=\u00bbleft\u00bb row_border_radius=\u00bbnone\u00bb row_border_radius_applies=\u00bbbg\u00bb overflow=\u00bbvisible\u00bb overlay_strength=\u00bb0.3&#8243; gradient_direction=\u00bbleft_to_right\u00bb shape_divider_position=\u00bbbottom\u00bb bg_image_animation=\u00bbnone\u00bb][vc_column column_padding=\u00bbno-extra-padding\u00bb column_padding_tablet=\u00bbinherit\u00bb column_padding_phone=\u00bbinherit\u00bb column_padding_position=\u00bball\u00bb column_element_direction_desktop=\u00bbdefault\u00bb column_element_spacing=\u00bbdefault\u00bb desktop_text_alignment=\u00bbdefault\u00bb tablet_text_alignment=\u00bbdefault\u00bb phone_text_alignment=\u00bbdefault\u00bb background_color_opacity=\u00bb1&#8243; background_hover_color_opacity=\u00bb1&#8243; column_backdrop_filter=\u00bbnone\u00bb column_shadow=\u00bbnone\u00bb&#8230;<\/p>\n","protected":false},"author":2,"featured_media":0,"parent":0,"menu_order":0,"comment_status":"closed","ping_status":"closed","template":"","meta":{"_acf_changed":false,"_joinchat":[],"footnotes":""},"class_list":["post-1141","page","type-page","status-publish"],"acf":[],"yoast_head":"<!-- This site is optimized with the Yoast SEO plugin v27.0 - https:\/\/yoast.com\/product\/yoast-seo-wordpress\/ -->\n<title>Kine3 | Aviso legal Kine3<\/title>\n<meta name=\"description\" content=\"Aviso legal de Kine3: datos identificativos, condiciones de uso del web, propiedad intelectual, responsabilidad e informaci\u00f3n de contacto.\" \/>\n<meta name=\"robots\" content=\"index, follow, max-snippet:-1, max-image-preview:large, max-video-preview:-1\" \/>\n<link rel=\"canonical\" href=\"https:\/\/kine3terrassa.com\/es\/aviso-legal\/\" \/>\n<meta property=\"og:locale\" content=\"es_ES\" \/>\n<meta property=\"og:type\" content=\"article\" \/>\n<meta property=\"og:title\" content=\"Kine3 | Aviso legal Kine3\" \/>\n<meta property=\"og:description\" content=\"Aviso legal de Kine3: datos identificativos, condiciones de uso del web, propiedad intelectual, responsabilidad e informaci\u00f3n de contacto.\" \/>\n<meta property=\"og:url\" content=\"https:\/\/kine3terrassa.com\/es\/aviso-legal\/\" \/>\n<meta property=\"og:site_name\" content=\"Kine3\" \/>\n<meta property=\"article:publisher\" content=\"https:\/\/www.facebook.com\/people\/KINE3\/61560753885986\/#\" \/>\n<meta property=\"article:modified_time\" content=\"2026-03-12T10:49:00+00:00\" \/>\n<meta name=\"twitter:card\" content=\"summary_large_image\" \/>\n<meta name=\"twitter:label1\" content=\"Tiempo de lectura\" \/>\n\t<meta name=\"twitter:data1\" content=\"2 minutos\" \/>\n<script type=\"application\/ld+json\" class=\"yoast-schema-graph\">{\"@context\":\"https:\/\/schema.org\",\"@graph\":[{\"@type\":\"WebPage\",\"@id\":\"https:\/\/kine3terrassa.com\/es\/aviso-legal\/\",\"url\":\"https:\/\/kine3terrassa.com\/es\/aviso-legal\/\",\"name\":\"Kine3 | Aviso legal Kine3\",\"isPartOf\":{\"@id\":\"https:\/\/kine3terrassa.com\/#website\"},\"datePublished\":\"2025-06-13T11:39:11+00:00\",\"dateModified\":\"2026-03-12T10:49:00+00:00\",\"description\":\"Aviso legal de Kine3: datos identificativos, condiciones de uso del web, propiedad intelectual, responsabilidad e informaci\u00f3n de contacto.\",\"breadcrumb\":{\"@id\":\"https:\/\/kine3terrassa.com\/es\/aviso-legal\/#breadcrumb\"},\"inLanguage\":\"es\",\"potentialAction\":[{\"@type\":\"ReadAction\",\"target\":[\"https:\/\/kine3terrassa.com\/es\/aviso-legal\/\"]}]},{\"@type\":\"BreadcrumbList\",\"@id\":\"https:\/\/kine3terrassa.com\/es\/aviso-legal\/#breadcrumb\",\"itemListElement\":[{\"@type\":\"ListItem\",\"position\":1,\"name\":\"Inici\",\"item\":\"https:\/\/kine3terrassa.com\/es\/home\/\"},{\"@type\":\"ListItem\",\"position\":2,\"name\":\"Aviso legal\"}]},{\"@type\":\"WebSite\",\"@id\":\"https:\/\/kine3terrassa.com\/#website\",\"url\":\"https:\/\/kine3terrassa.com\/\",\"name\":\"Kine3Terrassa\",\"description\":\"\",\"publisher\":{\"@id\":\"https:\/\/kine3terrassa.com\/#organization\"},\"alternateName\":\"Kine3\",\"potentialAction\":[{\"@type\":\"SearchAction\",\"target\":{\"@type\":\"EntryPoint\",\"urlTemplate\":\"https:\/\/kine3terrassa.com\/?s={search_term_string}\"},\"query-input\":{\"@type\":\"PropertyValueSpecification\",\"valueRequired\":true,\"valueName\":\"search_term_string\"}}],\"inLanguage\":\"es\"},{\"@type\":\"Organization\",\"@id\":\"https:\/\/kine3terrassa.com\/#organization\",\"name\":\"Kine3\",\"url\":\"https:\/\/kine3terrassa.com\/\",\"logo\":{\"@type\":\"ImageObject\",\"inLanguage\":\"es\",\"@id\":\"https:\/\/kine3terrassa.com\/#\/schema\/logo\/image\/\",\"url\":\"https:\/\/kine3terrassa.com\/wp-content\/uploads\/2025\/04\/image-removebg-preview-2.png\",\"contentUrl\":\"https:\/\/kine3terrassa.com\/wp-content\/uploads\/2025\/04\/image-removebg-preview-2.png\",\"width\":137,\"height\":56,\"caption\":\"Kine3\"},\"image\":{\"@id\":\"https:\/\/kine3terrassa.com\/#\/schema\/logo\/image\/\"},\"sameAs\":[\"https:\/\/www.facebook.com\/people\/KINE3\/61560753885986\/#\",\"https:\/\/www.instagram.com\/kine3_terrassa\",\"https:\/\/www.linkedin.com\/company\/kine3\/\"]}]}<\/script>\n<!-- \/ Yoast SEO plugin. -->","yoast_head_json":{"title":"Kine3 | Aviso legal Kine3","description":"Aviso legal de Kine3: datos identificativos, condiciones de uso del web, propiedad intelectual, responsabilidad e informaci\u00f3n de contacto.","robots":{"index":"index","follow":"follow","max-snippet":"max-snippet:-1","max-image-preview":"max-image-preview:large","max-video-preview":"max-video-preview:-1"},"canonical":"https:\/\/kine3terrassa.com\/es\/aviso-legal\/","og_locale":"es_ES","og_type":"article","og_title":"Kine3 | Aviso legal Kine3","og_description":"Aviso legal de Kine3: datos identificativos, condiciones de uso del web, propiedad intelectual, responsabilidad e informaci\u00f3n de contacto.","og_url":"https:\/\/kine3terrassa.com\/es\/aviso-legal\/","og_site_name":"Kine3","article_publisher":"https:\/\/www.facebook.com\/people\/KINE3\/61560753885986\/#","article_modified_time":"2026-03-12T10:49:00+00:00","twitter_card":"summary_large_image","twitter_misc":{"Tiempo de lectura":"2 minutos"},"schema":{"@context":"https:\/\/schema.org","@graph":[{"@type":"WebPage","@id":"https:\/\/kine3terrassa.com\/es\/aviso-legal\/","url":"https:\/\/kine3terrassa.com\/es\/aviso-legal\/","name":"Kine3 | Aviso legal Kine3","isPartOf":{"@id":"https:\/\/kine3terrassa.com\/#website"},"datePublished":"2025-06-13T11:39:11+00:00","dateModified":"2026-03-12T10:49:00+00:00","description":"Aviso legal de Kine3: datos identificativos, condiciones de uso del web, propiedad intelectual, responsabilidad e informaci\u00f3n de contacto.","breadcrumb":{"@id":"https:\/\/kine3terrassa.com\/es\/aviso-legal\/#breadcrumb"},"inLanguage":"es","potentialAction":[{"@type":"ReadAction","target":["https:\/\/kine3terrassa.com\/es\/aviso-legal\/"]}]},{"@type":"BreadcrumbList","@id":"https:\/\/kine3terrassa.com\/es\/aviso-legal\/#breadcrumb","itemListElement":[{"@type":"ListItem","position":1,"name":"Inici","item":"https:\/\/kine3terrassa.com\/es\/home\/"},{"@type":"ListItem","position":2,"name":"Aviso legal"}]},{"@type":"WebSite","@id":"https:\/\/kine3terrassa.com\/#website","url":"https:\/\/kine3terrassa.com\/","name":"Kine3Terrassa","description":"","publisher":{"@id":"https:\/\/kine3terrassa.com\/#organization"},"alternateName":"Kine3","potentialAction":[{"@type":"SearchAction","target":{"@type":"EntryPoint","urlTemplate":"https:\/\/kine3terrassa.com\/?s={search_term_string}"},"query-input":{"@type":"PropertyValueSpecification","valueRequired":true,"valueName":"search_term_string"}}],"inLanguage":"es"},{"@type":"Organization","@id":"https:\/\/kine3terrassa.com\/#organization","name":"Kine3","url":"https:\/\/kine3terrassa.com\/","logo":{"@type":"ImageObject","inLanguage":"es","@id":"https:\/\/kine3terrassa.com\/#\/schema\/logo\/image\/","url":"https:\/\/kine3terrassa.com\/wp-content\/uploads\/2025\/04\/image-removebg-preview-2.png","contentUrl":"https:\/\/kine3terrassa.com\/wp-content\/uploads\/2025\/04\/image-removebg-preview-2.png","width":137,"height":56,"caption":"Kine3"},"image":{"@id":"https:\/\/kine3terrassa.com\/#\/schema\/logo\/image\/"},"sameAs":["https:\/\/www.facebook.com\/people\/KINE3\/61560753885986\/#","https:\/\/www.instagram.com\/kine3_terrassa","https:\/\/www.linkedin.com\/company\/kine3\/"]}]}},"_links":{"self":[{"href":"https:\/\/kine3terrassa.com\/es\/wp-json\/wp\/v2\/pages\/1141","targetHints":{"allow":["GET"]}}],"collection":[{"href":"https:\/\/kine3terrassa.com\/es\/wp-json\/wp\/v2\/pages"}],"about":[{"href":"https:\/\/kine3terrassa.com\/es\/wp-json\/wp\/v2\/types\/page"}],"author":[{"embeddable":true,"href":"https:\/\/kine3terrassa.com\/es\/wp-json\/wp\/v2\/users\/2"}],"replies":[{"embeddable":true,"href":"https:\/\/kine3terrassa.com\/es\/wp-json\/wp\/v2\/comments?post=1141"}],"version-history":[{"count":6,"href":"https:\/\/kine3terrassa.com\/es\/wp-json\/wp\/v2\/pages\/1141\/revisions"}],"predecessor-version":[{"id":1293,"href":"https:\/\/kine3terrassa.com\/es\/wp-json\/wp\/v2\/pages\/1141\/revisions\/1293"}],"wp:attachment":[{"href":"https:\/\/kine3terrassa.com\/es\/wp-json\/wp\/v2\/media?parent=1141"}],"curies":[{"name":"wp","href":"https:\/\/api.w.org\/{rel}","templated":true}]}}